{"id":265,"date":"2024-02-09T13:19:43","date_gmt":"2024-02-09T13:19:43","guid":{"rendered":"https:\/\/blog.beepropolisbrasil.ind.br\/?page_id=265"},"modified":"2024-07-24T12:47:07","modified_gmt":"2024-07-24T12:47:07","slug":"noticias","status":"publish","type":"page","link":"https:\/\/blog.beepropolisbrasil.ind.br\/index.php\/noticias\/","title":{"rendered":"Not\u00edcias"},"content":{"rendered":"\t\t<div data-elementor-type=\"wp-page\" data-elementor-id=\"265\" class=\"elementor elementor-265\" data-elementor-post-type=\"page\">\n\t\t\t\t<div class=\"elementor-element elementor-element-9b49293 e-flex e-con-boxed e-con e-parent\" data-id=\"9b49293\" data-element_type=\"container\" data-settings=\"{&quot;content_width&quot;:&quot;boxed&quot;}\" data-core-v316-plus=\"true\">\n\t\t\t\t\t<div class=\"e-con-inner\">\n\t\t\t\t\t<\/div>\n\t\t\t\t<\/div>\n\t\t<div class=\"elementor-element elementor-element-f649a46 e-flex e-con-boxed e-con e-parent\" data-id=\"f649a46\" data-element_type=\"container\" data-settings=\"{&quot;content_width&quot;:&quot;boxed&quot;}\" data-core-v316-plus=\"true\">\n\t\t\t\t\t<div class=\"e-con-inner\">\n\t\t\t\t<div class=\"elementor-element elementor-element-d3729b6 elementor-widget elementor-widget-spacer\" data-id=\"d3729b6\" data-element_type=\"widget\" data-widget_type=\"spacer.default\">\n\t\t\t\t<div class=\"elementor-widget-container\">\n\t\t\t<style>\/*! elementor - v3.19.0 - 07-02-2024 *\/\n.elementor-column .elementor-spacer-inner{height:var(--spacer-size)}.e-con{--container-widget-width:100%}.e-con-inner>.elementor-widget-spacer,.e-con>.elementor-widget-spacer{width:var(--container-widget-width,var(--spacer-size));--align-self:var(--container-widget-align-self,initial);--flex-shrink:0}.e-con-inner>.elementor-widget-spacer>.elementor-widget-container,.e-con>.elementor-widget-spacer>.elementor-widget-container{height:100%;width:100%}.e-con-inner>.elementor-widget-spacer>.elementor-widget-container>.elementor-spacer,.e-con>.elementor-widget-spacer>.elementor-widget-container>.elementor-spacer{height:100%}.e-con-inner>.elementor-widget-spacer>.elementor-widget-container>.elementor-spacer>.elementor-spacer-inner,.e-con>.elementor-widget-spacer>.elementor-widget-container>.elementor-spacer>.elementor-spacer-inner{height:var(--container-widget-height,var(--spacer-size))}.e-con-inner>.elementor-widget-spacer.elementor-widget-empty,.e-con>.elementor-widget-spacer.elementor-widget-empty{position:relative;min-height:22px;min-width:22px}.e-con-inner>.elementor-widget-spacer.elementor-widget-empty .elementor-widget-empty-icon,.e-con>.elementor-widget-spacer.elementor-widget-empty .elementor-widget-empty-icon{position:absolute;top:0;bottom:0;left:0;right:0;margin:auto;padding:0;width:22px;height:22px}<\/style>\t\t<div class=\"elementor-spacer\">\n\t\t\t<div class=\"elementor-spacer-inner\"><\/div>\n\t\t<\/div>\n\t\t\t\t<\/div>\n\t\t\t\t<\/div>\n\t\t\t\t\t<\/div>\n\t\t\t\t<\/div>\n\t\t<div class=\"elementor-element elementor-element-930b6c2 e-flex e-con-boxed e-con e-parent\" data-id=\"930b6c2\" data-element_type=\"container\" data-settings=\"{&quot;content_width&quot;:&quot;boxed&quot;}\" data-core-v316-plus=\"true\">\n\t\t\t\t\t<div class=\"e-con-inner\">\n\t\t\t\t<div class=\"elementor-element elementor-element-5747c11 elementor-widget elementor-widget-spacer\" data-id=\"5747c11\" data-element_type=\"widget\" data-widget_type=\"spacer.default\">\n\t\t\t\t<div class=\"elementor-widget-container\">\n\t\t\t\t\t<div class=\"elementor-spacer\">\n\t\t\t<div class=\"elementor-spacer-inner\"><\/div>\n\t\t<\/div>\n\t\t\t\t<\/div>\n\t\t\t\t<\/div>\n\t\t\t\t\t<\/div>\n\t\t\t\t<\/div>\n\t\t<div class=\"elementor-element elementor-element-6b9c6c9 e-flex e-con-boxed e-con e-parent\" data-id=\"6b9c6c9\" data-element_type=\"container\" data-settings=\"{&quot;content_width&quot;:&quot;boxed&quot;}\" data-core-v316-plus=\"true\">\n\t\t\t\t\t<div class=\"e-con-inner\">\n\t\t<div class=\"elementor-element elementor-element-834026f e-con-full e-flex e-con e-child\" data-id=\"834026f\" data-element_type=\"container\" data-settings=\"{&quot;content_width&quot;:&quot;full&quot;}\">\n\t\t\t\t<div class=\"elementor-element elementor-element-0974ae2 elementor-widget elementor-widget-wp-widget-recent-posts\" data-id=\"0974ae2\" data-element_type=\"widget\" id=\"recentes\" data-widget_type=\"wp-widget-recent-posts.default\">\n\t\t\t\t<div class=\"elementor-widget-container\">\n\t\t\t\n\t\t\n\t\t<h5>Recentes<\/h5>\n\t\t<ul>\n\t\t\t\t\t\t\t\t\t\t\t<li>\n\t\t\t\t\t<a href=\"https:\/\/blog.beepropolisbrasil.ind.br\/index.php\/2026\/05\/04\/potencial-de-crescimento-do-mercado-apicola-brasileiro-cria-oportunidades-para-marcas-proprias-copy\/\">Gripe 2026: o que a antecipa\u00e7\u00e3o da temporada revela para o mercado de sa\u00fade natural<\/a>\n\t\t\t\t\t\t\t\t\t<\/li>\n\t\t\t\t\t\t\t\t\t\t\t<li>\n\t\t\t\t\t<a href=\"https:\/\/blog.beepropolisbrasil.ind.br\/index.php\/2026\/03\/15\/potencial-de-crescimento-do-mercado-apicola-brasileiro-cria-oportunidades-para-marcas-proprias\/\">Potencial de crescimento do mercado ap\u00edcola brasileiro cria oportunidades para marcas pr\u00f3prias<\/a>\n\t\t\t\t\t\t\t\t\t<\/li>\n\t\t\t\t\t\t\t\t\t\t\t<li>\n\t\t\t\t\t<a href=\"https:\/\/blog.beepropolisbrasil.ind.br\/index.php\/2026\/02\/09\/o-que-vai-definir-o-crescimento-do-setor-de-alimentos-e-bebidas-em-2026-e-o-papel-dos-ingredientes-apicolas\/\">O que vai definir o crescimento do setor de Alimentos e Bebidas em 2026 e o papel dos ingredientes ap\u00edcolas<\/a>\n\t\t\t\t\t\t\t\t\t<\/li>\n\t\t\t\t\t\t\t\t\t\t\t<li>\n\t\t\t\t\t<a href=\"https:\/\/blog.beepropolisbrasil.ind.br\/index.php\/2025\/10\/13\/por-que-escolher-produtos-apicolas-de-marca-propria-transforma-suas-vendas-no-fim-de-ano\/\">Natal Inteligente: Por que escolher produtos ap\u00edcolas de Marca Pr\u00f3pria transforma suas vendas no fim de ano<\/a>\n\t\t\t\t\t\t\t\t\t<\/li>\n\t\t\t\t\t\t\t\t\t\t\t<li>\n\t\t\t\t\t<a href=\"https:\/\/blog.beepropolisbrasil.ind.br\/index.php\/2024\/08\/29\/voce-sabe-o-que-e-a-certificacao-organica-do-propolis\/\">Voc\u00ea sabe o que \u00e9 a certifica\u00e7\u00e3o org\u00e2nica do pr\u00f3polis?<\/a>\n\t\t\t\t\t\t\t\t\t<\/li>\n\t\t\t\t\t<\/ul>\n\n\t\t\t\t<\/div>\n\t\t\t\t<\/div>\n\t\t\t\t<div class=\"elementor-element elementor-element-780efec elementor-widget elementor-widget-wp-widget-categories\" data-id=\"780efec\" data-element_type=\"widget\" id=\"recentes\" data-widget_type=\"wp-widget-categories.default\">\n\t\t\t\t<div class=\"elementor-widget-container\">\n\t\t\t<h5>Categorias<\/h5>\n\t\t\t<ul>\n\t\t\t\t\t<li class=\"cat-item cat-item-8\"><a href=\"https:\/\/blog.beepropolisbrasil.ind.br\/index.php\/category\/beenamidia\/\">Bee na m\u00eddia<\/a> (3)\n<\/li>\n\t<li class=\"cat-item cat-item-4\"><a href=\"https:\/\/blog.beepropolisbrasil.ind.br\/index.php\/category\/curiosidades\/\">Curiosidades<\/a> (14)\n<\/li>\n\t<li class=\"cat-item cat-item-6\"><a href=\"https:\/\/blog.beepropolisbrasil.ind.br\/index.php\/category\/eventos\/\">Eventos<\/a> (4)\n<\/li>\n\t<li class=\"cat-item cat-item-5\"><a href=\"https:\/\/blog.beepropolisbrasil.ind.br\/index.php\/category\/noticias\/\">Not\u00edcias<\/a> (5)\n<\/li>\n\t\t\t<\/ul>\n\n\t\t\t\t\t<\/div>\n\t\t\t\t<\/div>\n\t\t\t\t<\/div>\n\t\t<div class=\"elementor-element elementor-element-402c455 e-con-full e-flex e-con e-child\" data-id=\"402c455\" data-element_type=\"container\" data-settings=\"{&quot;content_width&quot;:&quot;full&quot;}\">\n\t\t\t\t<div class=\"elementor-element elementor-element-a65c96a elementor-posts--align-left elementor-grid-3 elementor-grid-tablet-2 elementor-grid-mobile-1 elementor-posts--thumbnail-top elementor-card-shadow-yes elementor-posts__hover-gradient elementor-widget elementor-widget-posts\" data-id=\"a65c96a\" data-element_type=\"widget\" data-settings=\"{&quot;cards_row_gap&quot;:{&quot;unit&quot;:&quot;px&quot;,&quot;size&quot;:37,&quot;sizes&quot;:[]},&quot;pagination_type&quot;:&quot;load_more_infinite_scroll&quot;,&quot;cards_columns&quot;:&quot;3&quot;,&quot;cards_columns_tablet&quot;:&quot;2&quot;,&quot;cards_columns_mobile&quot;:&quot;1&quot;,&quot;cards_row_gap_tablet&quot;:{&quot;unit&quot;:&quot;px&quot;,&quot;size&quot;:&quot;&quot;,&quot;sizes&quot;:[]},&quot;cards_row_gap_mobile&quot;:{&quot;unit&quot;:&quot;px&quot;,&quot;size&quot;:&quot;&quot;,&quot;sizes&quot;:[]},&quot;load_more_spinner&quot;:{&quot;value&quot;:&quot;fas fa-spinner&quot;,&quot;library&quot;:&quot;fa-solid&quot;}}\" data-widget_type=\"posts.cards\">\n\t\t\t\t<div class=\"elementor-widget-container\">\n\t\t\t<link rel=\"stylesheet\" href=\"https:\/\/blog.beepropolisbrasil.ind.br\/wp-content\/plugins\/elementor-pro\/assets\/css\/widget-posts.min.css\">\t\t<div class=\"elementor-posts-container elementor-posts elementor-posts--skin-cards elementor-grid\">\n\t\t\t\t<article class=\"elementor-post elementor-grid-item post-1325 post type-post status-publish format-standard has-post-thumbnail hentry category-curiosidades\">\n\t\t\t<div class=\"elementor-post__card\">\n\t\t\t\t<a class=\"elementor-post__thumbnail__link\" href=\"https:\/\/blog.beepropolisbrasil.ind.br\/index.php\/2026\/05\/04\/potencial-de-crescimento-do-mercado-apicola-brasileiro-cria-oportunidades-para-marcas-proprias-copy\/\" tabindex=\"-1\" ><div class=\"elementor-post__thumbnail\"><img fetchpriority=\"high\" decoding=\"async\" width=\"240\" height=\"300\" src=\"https:\/\/blog.beepropolisbrasil.ind.br\/wp-content\/uploads\/2026\/04\/foto-240x300.jpeg\" class=\"attachment-medium size-medium wp-image-1326\" alt=\"\" srcset=\"https:\/\/blog.beepropolisbrasil.ind.br\/wp-content\/uploads\/2026\/04\/foto-240x300.jpeg 240w, https:\/\/blog.beepropolisbrasil.ind.br\/wp-content\/uploads\/2026\/04\/foto-819x1024.jpeg 819w, https:\/\/blog.beepropolisbrasil.ind.br\/wp-content\/uploads\/2026\/04\/foto-768x960.jpeg 768w, https:\/\/blog.beepropolisbrasil.ind.br\/wp-content\/uploads\/2026\/04\/foto.jpeg 1080w\" sizes=\"(max-width: 240px) 100vw, 240px\" \/><\/div><\/a>\n\t\t\t\t<div class=\"elementor-post__badge\">Curiosidades<\/div>\n\t\t\t\t<div class=\"elementor-post__text\">\n\t\t\t\t<h3 class=\"elementor-post__title\">\n\t\t\t<a href=\"https:\/\/blog.beepropolisbrasil.ind.br\/index.php\/2026\/05\/04\/potencial-de-crescimento-do-mercado-apicola-brasileiro-cria-oportunidades-para-marcas-proprias-copy\/\" >\n\t\t\t\tGripe 2026: o que a antecipa\u00e7\u00e3o da temporada revela para o mercado de sa\u00fade natural\t\t\t<\/a>\n\t\t<\/h3>\n\t\t\t\t<div class=\"elementor-post__excerpt\">\n\t\t\t<p>Gripe 2026: o que a antecipa\u00e7\u00e3o da temporada revela para o mercado de sa\u00fade natural<\/p>\n\t\t<\/div>\n\t\t\t\t\t<div class=\"elementor-post__read-more-wrapper\">\n\t\t\n\t\t<a class=\"elementor-post__read-more\" href=\"https:\/\/blog.beepropolisbrasil.ind.br\/index.php\/2026\/05\/04\/potencial-de-crescimento-do-mercado-apicola-brasileiro-cria-oportunidades-para-marcas-proprias-copy\/\" aria-label=\"Read more about Gripe 2026: o que a antecipa\u00e7\u00e3o da temporada revela para o mercado de sa\u00fade natural\" tabindex=\"-1\" >\n\t\t\tLeia mais \u00bb\t\t<\/a>\n\n\t\t\t\t\t<\/div>\n\t\t\t\t<\/div>\n\t\t\t\t<div class=\"elementor-post__meta-data\">\n\t\t\t\t\t<span class=\"elementor-post-date\">\n\t\t\tmaio 4, 2026\t\t<\/span>\n\t\t\t\t<\/div>\n\t\t\t\t\t<\/div>\n\t\t<\/article>\n\t\t\t\t<article class=\"elementor-post elementor-grid-item post-1314 post type-post status-publish format-standard has-post-thumbnail hentry category-curiosidades\">\n\t\t\t<div class=\"elementor-post__card\">\n\t\t\t\t<a class=\"elementor-post__thumbnail__link\" href=\"https:\/\/blog.beepropolisbrasil.ind.br\/index.php\/2026\/03\/15\/potencial-de-crescimento-do-mercado-apicola-brasileiro-cria-oportunidades-para-marcas-proprias\/\" tabindex=\"-1\" ><div class=\"elementor-post__thumbnail\"><img decoding=\"async\" width=\"240\" height=\"300\" src=\"https:\/\/blog.beepropolisbrasil.ind.br\/wp-content\/uploads\/2026\/03\/foto-240x300.jpeg\" class=\"attachment-medium size-medium wp-image-1315\" alt=\"\" srcset=\"https:\/\/blog.beepropolisbrasil.ind.br\/wp-content\/uploads\/2026\/03\/foto-240x300.jpeg 240w, https:\/\/blog.beepropolisbrasil.ind.br\/wp-content\/uploads\/2026\/03\/foto-819x1024.jpeg 819w, https:\/\/blog.beepropolisbrasil.ind.br\/wp-content\/uploads\/2026\/03\/foto-768x960.jpeg 768w, https:\/\/blog.beepropolisbrasil.ind.br\/wp-content\/uploads\/2026\/03\/foto.jpeg 1080w\" sizes=\"(max-width: 240px) 100vw, 240px\" \/><\/div><\/a>\n\t\t\t\t<div class=\"elementor-post__badge\">Curiosidades<\/div>\n\t\t\t\t<div class=\"elementor-post__text\">\n\t\t\t\t<h3 class=\"elementor-post__title\">\n\t\t\t<a href=\"https:\/\/blog.beepropolisbrasil.ind.br\/index.php\/2026\/03\/15\/potencial-de-crescimento-do-mercado-apicola-brasileiro-cria-oportunidades-para-marcas-proprias\/\" >\n\t\t\t\tPotencial de crescimento do mercado ap\u00edcola brasileiro cria oportunidades para marcas pr\u00f3prias\t\t\t<\/a>\n\t\t<\/h3>\n\t\t\t\t<div class=\"elementor-post__excerpt\">\n\t\t\t<p>Potencial de crescimento do mercado ap\u00edcola brasileiro cria oportunidades para marcas pr\u00f3prias<\/p>\n\t\t<\/div>\n\t\t\t\t\t<div class=\"elementor-post__read-more-wrapper\">\n\t\t\n\t\t<a class=\"elementor-post__read-more\" href=\"https:\/\/blog.beepropolisbrasil.ind.br\/index.php\/2026\/03\/15\/potencial-de-crescimento-do-mercado-apicola-brasileiro-cria-oportunidades-para-marcas-proprias\/\" aria-label=\"Read more about Potencial de crescimento do mercado ap\u00edcola brasileiro cria oportunidades para marcas pr\u00f3prias\" tabindex=\"-1\" >\n\t\t\tLeia mais \u00bb\t\t<\/a>\n\n\t\t\t\t\t<\/div>\n\t\t\t\t<\/div>\n\t\t\t\t<div class=\"elementor-post__meta-data\">\n\t\t\t\t\t<span class=\"elementor-post-date\">\n\t\t\tmar\u00e7o 15, 2026\t\t<\/span>\n\t\t\t\t<\/div>\n\t\t\t\t\t<\/div>\n\t\t<\/article>\n\t\t\t\t<article class=\"elementor-post elementor-grid-item post-1300 post type-post status-publish format-standard has-post-thumbnail hentry category-curiosidades\">\n\t\t\t<div class=\"elementor-post__card\">\n\t\t\t\t<a class=\"elementor-post__thumbnail__link\" href=\"https:\/\/blog.beepropolisbrasil.ind.br\/index.php\/2026\/02\/09\/o-que-vai-definir-o-crescimento-do-setor-de-alimentos-e-bebidas-em-2026-e-o-papel-dos-ingredientes-apicolas\/\" tabindex=\"-1\" ><div class=\"elementor-post__thumbnail\"><img decoding=\"async\" width=\"273\" height=\"300\" src=\"https:\/\/blog.beepropolisbrasil.ind.br\/wp-content\/uploads\/2026\/02\/LinkedIn-mod-273x300.jpeg\" class=\"attachment-medium size-medium wp-image-1302\" alt=\"\" srcset=\"https:\/\/blog.beepropolisbrasil.ind.br\/wp-content\/uploads\/2026\/02\/LinkedIn-mod-273x300.jpeg 273w, https:\/\/blog.beepropolisbrasil.ind.br\/wp-content\/uploads\/2026\/02\/LinkedIn-mod-933x1024.jpeg 933w, https:\/\/blog.beepropolisbrasil.ind.br\/wp-content\/uploads\/2026\/02\/LinkedIn-mod-768x843.jpeg 768w, https:\/\/blog.beepropolisbrasil.ind.br\/wp-content\/uploads\/2026\/02\/LinkedIn-mod.jpeg 1080w\" sizes=\"(max-width: 273px) 100vw, 273px\" \/><\/div><\/a>\n\t\t\t\t<div class=\"elementor-post__badge\">Curiosidades<\/div>\n\t\t\t\t<div class=\"elementor-post__text\">\n\t\t\t\t<h3 class=\"elementor-post__title\">\n\t\t\t<a href=\"https:\/\/blog.beepropolisbrasil.ind.br\/index.php\/2026\/02\/09\/o-que-vai-definir-o-crescimento-do-setor-de-alimentos-e-bebidas-em-2026-e-o-papel-dos-ingredientes-apicolas\/\" >\n\t\t\t\tO que vai definir o crescimento do setor de Alimentos e Bebidas em 2026 e o papel dos ingredientes ap\u00edcolas\t\t\t<\/a>\n\t\t<\/h3>\n\t\t\t\t<div class=\"elementor-post__excerpt\">\n\t\t\t<p>Voc\u00ea sabe o que significa?<\/p>\n\t\t<\/div>\n\t\t\t\t\t<div class=\"elementor-post__read-more-wrapper\">\n\t\t\n\t\t<a class=\"elementor-post__read-more\" href=\"https:\/\/blog.beepropolisbrasil.ind.br\/index.php\/2026\/02\/09\/o-que-vai-definir-o-crescimento-do-setor-de-alimentos-e-bebidas-em-2026-e-o-papel-dos-ingredientes-apicolas\/\" aria-label=\"Read more about O que vai definir o crescimento do setor de Alimentos e Bebidas em 2026 e o papel dos ingredientes ap\u00edcolas\" tabindex=\"-1\" >\n\t\t\tLeia mais \u00bb\t\t<\/a>\n\n\t\t\t\t\t<\/div>\n\t\t\t\t<\/div>\n\t\t\t\t<div class=\"elementor-post__meta-data\">\n\t\t\t\t\t<span class=\"elementor-post-date\">\n\t\t\tfevereiro 9, 2026\t\t<\/span>\n\t\t\t\t<\/div>\n\t\t\t\t\t<\/div>\n\t\t<\/article>\n\t\t\t\t<article class=\"elementor-post elementor-grid-item post-1286 post type-post status-publish format-standard has-post-thumbnail hentry category-curiosidades\">\n\t\t\t<div class=\"elementor-post__card\">\n\t\t\t\t<a class=\"elementor-post__thumbnail__link\" href=\"https:\/\/blog.beepropolisbrasil.ind.br\/index.php\/2025\/10\/13\/por-que-escolher-produtos-apicolas-de-marca-propria-transforma-suas-vendas-no-fim-de-ano\/\" tabindex=\"-1\" ><div class=\"elementor-post__thumbnail\"><img loading=\"lazy\" decoding=\"async\" width=\"279\" height=\"300\" src=\"https:\/\/blog.beepropolisbrasil.ind.br\/wp-content\/uploads\/2025\/12\/foto-e1765991888303-279x300.png\" class=\"attachment-medium size-medium wp-image-1287\" alt=\"\" srcset=\"https:\/\/blog.beepropolisbrasil.ind.br\/wp-content\/uploads\/2025\/12\/foto-e1765991888303-279x300.png 279w, https:\/\/blog.beepropolisbrasil.ind.br\/wp-content\/uploads\/2025\/12\/foto-e1765991888303-953x1024.png 953w, https:\/\/blog.beepropolisbrasil.ind.br\/wp-content\/uploads\/2025\/12\/foto-e1765991888303-768x825.png 768w, https:\/\/blog.beepropolisbrasil.ind.br\/wp-content\/uploads\/2025\/12\/foto-e1765991888303.png 1080w\" sizes=\"(max-width: 279px) 100vw, 279px\" \/><\/div><\/a>\n\t\t\t\t<div class=\"elementor-post__badge\">Curiosidades<\/div>\n\t\t\t\t<div class=\"elementor-post__text\">\n\t\t\t\t<h3 class=\"elementor-post__title\">\n\t\t\t<a href=\"https:\/\/blog.beepropolisbrasil.ind.br\/index.php\/2025\/10\/13\/por-que-escolher-produtos-apicolas-de-marca-propria-transforma-suas-vendas-no-fim-de-ano\/\" >\n\t\t\t\tNatal Inteligente: Por que escolher produtos ap\u00edcolas de Marca Pr\u00f3pria transforma suas vendas no fim de ano\t\t\t<\/a>\n\t\t<\/h3>\n\t\t\t\t<div class=\"elementor-post__excerpt\">\n\t\t\t<p>Voc\u00ea sabe o que significa?<\/p>\n\t\t<\/div>\n\t\t\t\t\t<div class=\"elementor-post__read-more-wrapper\">\n\t\t\n\t\t<a class=\"elementor-post__read-more\" href=\"https:\/\/blog.beepropolisbrasil.ind.br\/index.php\/2025\/10\/13\/por-que-escolher-produtos-apicolas-de-marca-propria-transforma-suas-vendas-no-fim-de-ano\/\" aria-label=\"Read more about Natal Inteligente: Por que escolher produtos ap\u00edcolas de Marca Pr\u00f3pria transforma suas vendas no fim de ano\" tabindex=\"-1\" >\n\t\t\tLeia mais \u00bb\t\t<\/a>\n\n\t\t\t\t\t<\/div>\n\t\t\t\t<\/div>\n\t\t\t\t<div class=\"elementor-post__meta-data\">\n\t\t\t\t\t<span class=\"elementor-post-date\">\n\t\t\toutubro 13, 2025\t\t<\/span>\n\t\t\t\t<\/div>\n\t\t\t\t\t<\/div>\n\t\t<\/article>\n\t\t\t\t<article class=\"elementor-post elementor-grid-item post-1242 post type-post status-publish format-standard has-post-thumbnail hentry category-curiosidades\">\n\t\t\t<div class=\"elementor-post__card\">\n\t\t\t\t<a class=\"elementor-post__thumbnail__link\" href=\"https:\/\/blog.beepropolisbrasil.ind.br\/index.php\/2024\/08\/29\/voce-sabe-o-que-e-a-certificacao-organica-do-propolis\/\" tabindex=\"-1\" ><div class=\"elementor-post__thumbnail\"><img loading=\"lazy\" decoding=\"async\" width=\"259\" height=\"300\" src=\"https:\/\/blog.beepropolisbrasil.ind.br\/wp-content\/uploads\/2024\/08\/Captura-de-tela-2024-08-29-154127-259x300.png\" class=\"attachment-medium size-medium wp-image-1260\" alt=\"\" srcset=\"https:\/\/blog.beepropolisbrasil.ind.br\/wp-content\/uploads\/2024\/08\/Captura-de-tela-2024-08-29-154127-259x300.png 259w, https:\/\/blog.beepropolisbrasil.ind.br\/wp-content\/uploads\/2024\/08\/Captura-de-tela-2024-08-29-154127.png 482w\" sizes=\"(max-width: 259px) 100vw, 259px\" \/><\/div><\/a>\n\t\t\t\t<div class=\"elementor-post__badge\">Curiosidades<\/div>\n\t\t\t\t<div class=\"elementor-post__text\">\n\t\t\t\t<h3 class=\"elementor-post__title\">\n\t\t\t<a href=\"https:\/\/blog.beepropolisbrasil.ind.br\/index.php\/2024\/08\/29\/voce-sabe-o-que-e-a-certificacao-organica-do-propolis\/\" >\n\t\t\t\tVoc\u00ea sabe o que \u00e9 a certifica\u00e7\u00e3o org\u00e2nica do pr\u00f3polis?\t\t\t<\/a>\n\t\t<\/h3>\n\t\t\t\t<div class=\"elementor-post__excerpt\">\n\t\t\t<p>Voc\u00ea sabe o que significa?<\/p>\n\t\t<\/div>\n\t\t\t\t\t<div class=\"elementor-post__read-more-wrapper\">\n\t\t\n\t\t<a class=\"elementor-post__read-more\" href=\"https:\/\/blog.beepropolisbrasil.ind.br\/index.php\/2024\/08\/29\/voce-sabe-o-que-e-a-certificacao-organica-do-propolis\/\" aria-label=\"Read more about Voc\u00ea sabe o que \u00e9 a certifica\u00e7\u00e3o org\u00e2nica do pr\u00f3polis?\" tabindex=\"-1\" >\n\t\t\tLeia mais \u00bb\t\t<\/a>\n\n\t\t\t\t\t<\/div>\n\t\t\t\t<\/div>\n\t\t\t\t<div class=\"elementor-post__meta-data\">\n\t\t\t\t\t<span class=\"elementor-post-date\">\n\t\t\tagosto 29, 2024\t\t<\/span>\n\t\t\t\t<\/div>\n\t\t\t\t\t<\/div>\n\t\t<\/article>\n\t\t\t\t<article class=\"elementor-post elementor-grid-item post-1227 post type-post status-publish format-standard has-post-thumbnail hentry category-curiosidades\">\n\t\t\t<div class=\"elementor-post__card\">\n\t\t\t\t<a class=\"elementor-post__thumbnail__link\" href=\"https:\/\/blog.beepropolisbrasil.ind.br\/index.php\/2024\/08\/27\/conheca-como-a-bee-propolis-brasil-cuida-do-meio-ambiente\/\" tabindex=\"-1\" ><div class=\"elementor-post__thumbnail\"><img loading=\"lazy\" decoding=\"async\" width=\"240\" height=\"300\" src=\"https:\/\/blog.beepropolisbrasil.ind.br\/wp-content\/uploads\/2024\/08\/MEIO_AMBIENTE_01-240x300.png\" class=\"attachment-medium size-medium wp-image-1230\" alt=\"Dia Mundial do Meio Ambiente\" srcset=\"https:\/\/blog.beepropolisbrasil.ind.br\/wp-content\/uploads\/2024\/08\/MEIO_AMBIENTE_01-240x300.png 240w, https:\/\/blog.beepropolisbrasil.ind.br\/wp-content\/uploads\/2024\/08\/MEIO_AMBIENTE_01-820x1024.png 820w, https:\/\/blog.beepropolisbrasil.ind.br\/wp-content\/uploads\/2024\/08\/MEIO_AMBIENTE_01-768x959.png 768w, https:\/\/blog.beepropolisbrasil.ind.br\/wp-content\/uploads\/2024\/08\/MEIO_AMBIENTE_01.png 1081w\" sizes=\"(max-width: 240px) 100vw, 240px\" \/><\/div><\/a>\n\t\t\t\t<div class=\"elementor-post__badge\">Curiosidades<\/div>\n\t\t\t\t<div class=\"elementor-post__text\">\n\t\t\t\t<h3 class=\"elementor-post__title\">\n\t\t\t<a href=\"https:\/\/blog.beepropolisbrasil.ind.br\/index.php\/2024\/08\/27\/conheca-como-a-bee-propolis-brasil-cuida-do-meio-ambiente\/\" >\n\t\t\t\tConhe\u00e7a como a Bee Propolis Brasil cuida do meio ambiente!\t\t\t<\/a>\n\t\t<\/h3>\n\t\t\t\t<div class=\"elementor-post__excerpt\">\n\t\t\t<p>Veja como a Bee Propolis Brasil colabora de maneira respons\u00e1vel para o meio ambiente!<\/p>\n\t\t<\/div>\n\t\t\t\t\t<div class=\"elementor-post__read-more-wrapper\">\n\t\t\n\t\t<a class=\"elementor-post__read-more\" href=\"https:\/\/blog.beepropolisbrasil.ind.br\/index.php\/2024\/08\/27\/conheca-como-a-bee-propolis-brasil-cuida-do-meio-ambiente\/\" aria-label=\"Read more about Conhe\u00e7a como a Bee Propolis Brasil cuida do meio ambiente!\" tabindex=\"-1\" >\n\t\t\tLeia mais \u00bb\t\t<\/a>\n\n\t\t\t\t\t<\/div>\n\t\t\t\t<\/div>\n\t\t\t\t<div class=\"elementor-post__meta-data\">\n\t\t\t\t\t<span class=\"elementor-post-date\">\n\t\t\tagosto 27, 2024\t\t<\/span>\n\t\t\t\t<\/div>\n\t\t\t\t\t<\/div>\n\t\t<\/article>\n\t\t\t\t<\/div>\n\t\t\t\t\t<span class=\"e-load-more-spinner\">\n\t\t\t\t<i aria-hidden=\"true\" class=\"fas fa-spinner\"><\/i>\t\t\t<\/span>\n\t\t\n\t\t\t\t<div class=\"e-load-more-anchor\" data-page=\"1\" data-max-page=\"4\" data-next-page=\"https:\/\/blog.beepropolisbrasil.ind.br\/index.php\/wp-json\/wp\/v2\/pages\/265\/page\/2\/\"><\/div>\n\t\t\t\t<div class=\"e-load-more-message\"><\/div>\n\t\t\t\t<\/div>\n\t\t\t\t<\/div>\n\t\t\t\t<\/div>\n\t\t\t\t\t<\/div>\n\t\t\t\t<\/div>\n\t\t\t\t<\/div>\n\t\t","protected":false},"excerpt":{"rendered":"","protected":false},"author":1,"featured_media":0,"parent":0,"menu_order":0,"comment_status":"closed","ping_status":"closed","template":"elementor_header_footer","meta":{"_eb_attr":"","footnotes":""},"class_list":["post-265","page","type-page","status-publish","hentry"],"blocksy_meta":"","_links":{"self":[{"href":"https:\/\/blog.beepropolisbrasil.ind.br\/index.php\/wp-json\/wp\/v2\/pages\/265","targetHints":{"allow":["GET"]}}],"collection":[{"href":"https:\/\/blog.beepropolisbrasil.ind.br\/index.php\/wp-json\/wp\/v2\/pages"}],"about":[{"href":"https:\/\/blog.beepropolisbrasil.ind.br\/index.php\/wp-json\/wp\/v2\/types\/page"}],"author":[{"embeddable":true,"href":"https:\/\/blog.beepropolisbrasil.ind.br\/index.php\/wp-json\/wp\/v2\/users\/1"}],"replies":[{"embeddable":true,"href":"https:\/\/blog.beepropolisbrasil.ind.br\/index.php\/wp-json\/wp\/v2\/comments?post=265"}],"version-history":[{"count":151,"href":"https:\/\/blog.beepropolisbrasil.ind.br\/index.php\/wp-json\/wp\/v2\/pages\/265\/revisions"}],"predecessor-version":[{"id":1186,"href":"https:\/\/blog.beepropolisbrasil.ind.br\/index.php\/wp-json\/wp\/v2\/pages\/265\/revisions\/1186"}],"wp:attachment":[{"href":"https:\/\/blog.beepropolisbrasil.ind.br\/index.php\/wp-json\/wp\/v2\/media?parent=265"}],"curies":[{"name":"wp","href":"https:\/\/api.w.org\/{rel}","templated":true}]}}