{"id":160,"date":"2023-09-22T16:59:58","date_gmt":"2023-09-22T16:59:58","guid":{"rendered":"https:\/\/blog.beepropolisbrasil.ind.br\/?page_id=160"},"modified":"2024-07-24T12:44:23","modified_gmt":"2024-07-24T12:44:23","slug":"inicial","status":"publish","type":"page","link":"https:\/\/blog.beepropolisbrasil.ind.br\/","title":{"rendered":"Principal"},"content":{"rendered":"\t\t<div data-elementor-type=\"wp-page\" data-elementor-id=\"160\" class=\"elementor elementor-160\" data-elementor-post-type=\"page\">\n\t\t\t\t<div class=\"elementor-element elementor-element-300e7c6 e-flex e-con-boxed e-con e-parent\" data-id=\"300e7c6\" data-element_type=\"container\" data-settings=\"{&quot;content_width&quot;:&quot;boxed&quot;}\" data-core-v316-plus=\"true\">\n\t\t\t\t\t<div class=\"e-con-inner\">\n\t\t\t\t<div class=\"elementor-element elementor-element-daff83e elementor-widget elementor-widget-heading\" data-id=\"daff83e\" data-element_type=\"widget\" data-widget_type=\"heading.default\">\n\t\t\t\t<div class=\"elementor-widget-container\">\n\t\t\t<style>\/*! elementor - v3.19.0 - 07-02-2024 *\/\n.elementor-heading-title{padding:0;margin:0;line-height:1}.elementor-widget-heading .elementor-heading-title[class*=elementor-size-]>a{color:inherit;font-size:inherit;line-height:inherit}.elementor-widget-heading .elementor-heading-title.elementor-size-small{font-size:15px}.elementor-widget-heading .elementor-heading-title.elementor-size-medium{font-size:19px}.elementor-widget-heading .elementor-heading-title.elementor-size-large{font-size:29px}.elementor-widget-heading .elementor-heading-title.elementor-size-xl{font-size:39px}.elementor-widget-heading .elementor-heading-title.elementor-size-xxl{font-size:59px}<\/style><h2 class=\"elementor-heading-title elementor-size-default\"><br>Nossa trajet\u00f3ria<\/h2>\t\t<\/div>\n\t\t\t\t<\/div>\n\t\t\t\t\t<\/div>\n\t\t\t\t<\/div>\n\t\t<div class=\"elementor-element elementor-element-9cc3b81 e-flex e-con-boxed e-con e-parent\" data-id=\"9cc3b81\" data-element_type=\"container\" data-settings=\"{&quot;content_width&quot;:&quot;boxed&quot;}\" data-core-v316-plus=\"true\">\n\t\t\t\t\t<div class=\"e-con-inner\">\n\t\t\t\t<div class=\"elementor-element elementor-element-71ffa6c elementor-widget elementor-widget-timeline-widget-addon\" data-id=\"71ffa6c\" data-element_type=\"widget\" data-widget_type=\"timeline-widget-addon.default\">\n\t\t\t\t<div class=\"elementor-widget-container\">\n\t\t\t<!-- ========= Timeline Widget Addon For Elementor 1.5.4 ========= -->\r\n<div id=\"twae-wrapper-71ffa6c\" class=\"twae-vertical twae-wrapper  twae-both-sided \">   \r\n    <div class=\"twae-start\"><\/div>    \r\n    <div id=\"twea-timeline-71ffa6c\" class=\"twae-timeline\" ><div id=\"story-d4c1824\" class=\"twae-story twae-repeater-item twae-story-right twae-story-icon\">\r\n                <div class=\"twae-labels\" ><div class=\"twae-label-big\">2024<\/div><\/div><div class=\"twae-icon\"><i aria-hidden=\"true\" class=\"far fa-clock\"><\/i><\/div><div class=\"twae-arrow\"><\/div><div class=\"twae-content\"><div class=\"twae-title\">Atualmente<\/div><div class=\"twae-description\"><p>Atuamos no mercado de Private Label h\u00e1 cerca de 14 anos e j\u00e1 entregamos mais de dezenas de milh\u00f5es de produtos para o Brasil e para o mundo, proporcionando sa\u00fade e qualidade de vida para milh\u00f5es de pessoas.<\/p><\/div>\r\n                <\/div>\r\n        <\/div><div id=\"story-eced6ef\" class=\"twae-story twae-repeater-item twae-story-left twae-story-icon\">\r\n                <div class=\"twae-labels\" ><div class=\"twae-label-big\">2023<\/div><\/div><div class=\"twae-icon\"><i aria-hidden=\"true\" class=\"far fa-clock\"><\/i><\/div><div class=\"twae-arrow\"><\/div><div class=\"twae-content\"><div class=\"twae-title\">3\u00ba Pr\u00eamio<\/div><div class=\"twae-description\"><p>Na 48\u00aa edi\u00e7\u00e3o do Congresso Internacional de Apicultura \u2013 Apimondia - realizado em Santiago, no Chile, entre os dias 04 e 08 de setembro, conquistamos a nossa terceira medalha no concurso World Beekeeping Awards Apimondia, conquistando a medalha de bronze na categoria fotografia.<\/p><\/div>\r\n                <\/div>\r\n        <\/div><div id=\"story-e3b1b06\" class=\"twae-story twae-repeater-item twae-story-right twae-story-icon\">\r\n                <div class=\"twae-labels\" ><div class=\"twae-label-big\">2022<\/div><\/div><div class=\"twae-icon\"><i aria-hidden=\"true\" class=\"far fa-clock\"><\/i><\/div><div class=\"twae-arrow\"><\/div><div class=\"twae-content\"><div class=\"twae-title\">Conquista<\/div><div class=\"twae-description\"><p>Conquistamos mais de 40 empresas parceiras em Private Label no Brasil e em outros pa\u00edses.<\/p><\/div>\r\n                <\/div>\r\n        <\/div><div id=\"story-98adcdb\" class=\"twae-story twae-repeater-item twae-story-left twae-story-icon\">\r\n                <div class=\"twae-labels\" ><div class=\"twae-label-big\">2018<\/div><\/div><div class=\"twae-icon\"><i aria-hidden=\"true\" class=\"far fa-clock\"><\/i><\/div><div class=\"twae-arrow\"><\/div><div class=\"twae-content\"><div class=\"twae-title\">Certifica\u00e7\u00e3o ISO 9001<\/div><div class=\"twae-description\"><p>Recebemos a certifica\u00e7\u00e3o ISO 9001, que \u00e9 a norma mais amplamente reconhecida e utilizada em todo o mundo para o sistema de gest\u00e3o da qualidade.<\/p><\/div>\r\n                <\/div>\r\n        <\/div><div id=\"story-e0c4698\" class=\"twae-story twae-repeater-item twae-story-right twae-story-icon\">\r\n                <div class=\"twae-labels\" ><div class=\"twae-label-big\">2015<\/div><\/div><div class=\"twae-icon\"><i aria-hidden=\"true\" class=\"far fa-clock\"><\/i><\/div><div class=\"twae-arrow\"><\/div><div class=\"twae-content\"><div class=\"twae-title\">2\u00ba Pr\u00eamio<\/div><div class=\"twae-description\"><p>Na 44\u00aa edi\u00e7\u00e3o do Congresso Internacional de Apicultura \u2013 Apimondia, realizado em Daejeon, Coreia do Sul, entre os dias 15 e 20 de setembro, conquistamos a nossa segunda medalha no concurso World Beekeeping Awards Apimondia, conquistando, mais uma vez, a medalha de ouro na categoria fotografia.<\/p><\/div>\r\n                <\/div>\r\n        <\/div><div id=\"story-06f2477\" class=\"twae-story twae-repeater-item twae-story-left twae-story-icon\">\r\n                <div class=\"twae-labels\" ><div class=\"twae-label-big\">2013<\/div><\/div><div class=\"twae-icon\"><i aria-hidden=\"true\" class=\"far fa-clock\"><\/i><\/div><div class=\"twae-arrow\"><\/div><div class=\"twae-content\"><div class=\"twae-title\">1\u00ba Pr\u00eamio<\/div><div class=\"twae-description\"><p>Na 43\u00aa edi\u00e7\u00e3o do Congresso Internacional de Apicultura \u2013 Apimondia - realizado em Kiev, Ucr\u00e2nia, entre os dias 29 de setembro e 4 de outubro, conquistamos a nossa primeira medalha no concurso World Beekeeping Awards Apimondia, conquistando a medalha de ouro na categoria fotografia. A foto ficou conhecida como \"Bees producing Green Propolis in the Beehive\".<\/p><\/div>\r\n                <\/div>\r\n        <\/div><div id=\"story-22a2bad\" class=\"twae-story twae-repeater-item twae-story-right twae-story-icon\">\r\n                <div class=\"twae-labels\" ><div class=\"twae-label-big\">2013<\/div><\/div><div class=\"twae-icon\"><i aria-hidden=\"true\" class=\"far fa-clock\"><\/i><\/div><div class=\"twae-arrow\"><\/div><div class=\"twae-content\"><div class=\"twae-title\">Inova\u00e7\u00e3o<\/div><div class=\"twae-description\"><p>A empresa agora denominada Bee Propolis Brasil ingressou no mercado de Private Label de forma pioneira no setor ap\u00edcola.<\/p><\/div>\r\n                <\/div>\r\n        <\/div><div id=\"story-9227726\" class=\"twae-story twae-repeater-item twae-story-left twae-story-icon\">\r\n                <div class=\"twae-labels\" ><div class=\"twae-label-big\">2010<\/div><\/div><div class=\"twae-icon\"><i aria-hidden=\"true\" class=\"far fa-clock\"><\/i><\/div><div class=\"twae-arrow\"><\/div><div class=\"twae-content\"><div class=\"twae-title\">Um grande avan\u00e7o<\/div><div class=\"twae-description\"><p>Conquistamos o nosso primeiro cliente de Private Label com a empresa Novia, no Jap\u00e3o.<\/p><\/div>\r\n                <\/div>\r\n        <\/div><div id=\"story-a6c6e11\" class=\"twae-story twae-repeater-item twae-story-right twae-story-icon\">\r\n                <div class=\"twae-labels\" ><div class=\"twae-label-big\">2007<\/div><\/div><div class=\"twae-icon\"><i aria-hidden=\"true\" class=\"far fa-clock\"><\/i><\/div><div class=\"twae-arrow\"><\/div><div class=\"twae-content\"><div class=\"twae-title\">Reconhecimento<\/div><div class=\"twae-description\">Fomos reconhecidos como empresa modelo de sustentabilidade pela Uni\u00e3o Europeia, juntamente com o Instituto Marqu\u00eas de Valle Flor e a ONG brasileira Cinema Nosso, ent\u00e3o foi desenvolvido o document\u00e1rio<a href=\"https:\/\/www.youtube.com\/watch?v=KNl3i7scelo\" target=\"_blank\" rel=\"noopener\" style=\"color: #ffc107\"> \"A Cidade das Abelhas\".<\/a><\/div>\r\n                <\/div>\r\n        <\/div><div id=\"story-5c2e4f8\" class=\"twae-story twae-repeater-item twae-story-left twae-story-icon\">\r\n                <div class=\"twae-labels\" ><div class=\"twae-label-big\">2002<\/div><\/div><div class=\"twae-icon\"><i aria-hidden=\"true\" class=\"far fa-clock\"><\/i><\/div><div class=\"twae-arrow\"><\/div><div class=\"twae-content\"><div class=\"twae-title\">Responsabilidade ambiental<\/div><div class=\"twae-description\"><p>Com o objetivo de contribuir para a preserva\u00e7\u00e3o da vida, nossos gestores come\u00e7aram a certificar as \u00e1reas das colmeias para crescer de forma ambientalmente sustent\u00e1vel.<\/p><\/div>\r\n                <\/div>\r\n        <\/div><div id=\"story-c3c981f\" class=\"twae-story twae-repeater-item twae-story-right twae-story-icon\">\r\n                <div class=\"twae-labels\" ><div class=\"twae-label-big\">1999<\/div><\/div><div class=\"twae-icon\"><i aria-hidden=\"true\" class=\"far fa-clock\"><\/i><\/div><div class=\"twae-arrow\"><\/div><div class=\"twae-content\"><div class=\"twae-title\">Um marco importante<\/div><div class=\"twae-description\"><p>A primeira exporta\u00e7\u00e3o realizada foi de pr\u00f3polis para o Jap\u00e3o. A partir da\u00ed, passamos a investir cada vez mais em exporta\u00e7\u00f5es para expandir nossos neg\u00f3cios e conquistamos clientes em mais de 20 pa\u00edses ao redor do mundo.<\/p><\/div>\r\n                <\/div>\r\n        <\/div><div id=\"story-75dd1dd\" class=\"twae-story twae-repeater-item twae-story-left twae-story-icon\">\r\n                <div class=\"twae-labels\" ><div class=\"twae-label-big\">1995<\/div><\/div><div class=\"twae-icon\"><i aria-hidden=\"true\" class=\"far fa-clock\"><\/i><\/div><div class=\"twae-arrow\"><\/div><div class=\"twae-content\"><div class=\"twae-title\">Uma descoberta<\/div><div class=\"twae-description\"><p>Foi feita a descoberta de que a mat\u00e9ria-prima para a pr\u00f3polis verde \u00e9 o alecrim-do-campo, iniciamos as atividades de reflorestamento dessas plantas t\u00e3o importantes para a alimenta\u00e7\u00e3o das abelhas.<\/p><\/div>\r\n                <\/div>\r\n        <\/div><div id=\"story-693fd91\" class=\"twae-story twae-repeater-item twae-story-right twae-story-icon\">\r\n                <div class=\"twae-labels\" ><div class=\"twae-label-big\">1995<\/div><\/div><div class=\"twae-icon\"><i aria-hidden=\"true\" class=\"far fa-clock\"><\/i><\/div><div class=\"twae-arrow\"><\/div><div class=\"twae-content\"><div class=\"twae-title\">A funda\u00e7\u00e3o<\/div><div class=\"twae-description\"><p>C\u00e9zar Ramos J\u00fanior, se uniu ao seu irm\u00e3o, Fernando Ramos, e decidiram fundar uma empresa de produtos ap\u00edcolas, na cidade de Bambu\u00ed, Centro-Oeste Mineiro. Com muito trabalho e dedica\u00e7\u00e3o, a empresa come\u00e7ou a crescer e conquistar novos clientes. Eles investiram em tecnologia e pesquisa, criando novos produtos e desenvolvendo t\u00e9cnicas inovadoras para a produ\u00e7\u00e3o de mel e pr\u00f3polis verde.<\/p><\/div>\r\n                <\/div>\r\n        <\/div><div id=\"story-94ff62f\" class=\"twae-story twae-repeater-item twae-story-left twae-story-icon\">\r\n                <div class=\"twae-labels\" ><div class=\"twae-label-big\">1982<\/div><\/div><div class=\"twae-icon\"><i aria-hidden=\"true\" class=\"far fa-clock\"><\/i><\/div><div class=\"twae-arrow\"><\/div><div class=\"twae-content\"><div class=\"twae-title\">Como tudo come\u00e7ou<\/div><div class=\"twae-description\"><p>No ano de 1982, C\u00e9zar Ramos J\u00fanior, com apenas dez anos de idade descobriu sua paix\u00e3o pela apicultura. Poucos anos depois, ele decidiu se dedicar a cria\u00e7\u00e3o de abelhas e produzir mel. Com o tempo, a paix\u00e3o se transformou em um neg\u00f3cio rent\u00e1vel.<\/p><\/div>\r\n                <\/div>\r\n        <\/div><\/div>\r\n    <div class=\"twae-end\"><\/div>\r\n    <\/div><style type=\"text\/css\"><\/style>\t\t<\/div>\n\t\t\t\t<\/div>\n\t\t\t\t\t<\/div>\n\t\t\t\t<\/div>\n\t\t<div class=\"elementor-element elementor-element-ff9751d e-flex e-con-boxed e-con e-parent\" data-id=\"ff9751d\" data-element_type=\"container\" data-settings=\"{&quot;content_width&quot;:&quot;boxed&quot;}\" data-core-v316-plus=\"true\">\n\t\t\t\t\t<div class=\"e-con-inner\">\n\t\t\t\t\t<\/div>\n\t\t\t\t<\/div>\n\t\t\t\t<\/div>\n\t\t","protected":false},"excerpt":{"rendered":"<p>Nossa trajet\u00f3ria 2024Atualmente Atuamos no mercado de Private Label h\u00e1 cerca de 14 anos e j\u00e1 entregamos mais de dezenas de milh\u00f5es de produtos para o Brasil e para o mundo, proporcionando sa\u00fade e qualidade de vida para milh\u00f5es de pessoas. 20233\u00ba Pr\u00eamio Na 48\u00aa edi\u00e7\u00e3o do Congresso Internacional de Apicultura \u2013 Apimondia &#8211; realizado [&hellip;]<\/p>\n","protected":false},"author":1,"featured_media":0,"parent":0,"menu_order":0,"comment_status":"closed","ping_status":"closed","template":"elementor_header_footer","meta":{"_eb_attr":"","footnotes":""},"class_list":["post-160","page","type-page","status-publish","hentry"],"blocksy_meta":"","_links":{"self":[{"href":"https:\/\/blog.beepropolisbrasil.ind.br\/index.php\/wp-json\/wp\/v2\/pages\/160","targetHints":{"allow":["GET"]}}],"collection":[{"href":"https:\/\/blog.beepropolisbrasil.ind.br\/index.php\/wp-json\/wp\/v2\/pages"}],"about":[{"href":"https:\/\/blog.beepropolisbrasil.ind.br\/index.php\/wp-json\/wp\/v2\/types\/page"}],"author":[{"embeddable":true,"href":"https:\/\/blog.beepropolisbrasil.ind.br\/index.php\/wp-json\/wp\/v2\/users\/1"}],"replies":[{"embeddable":true,"href":"https:\/\/blog.beepropolisbrasil.ind.br\/index.php\/wp-json\/wp\/v2\/comments?post=160"}],"version-history":[{"count":239,"href":"https:\/\/blog.beepropolisbrasil.ind.br\/index.php\/wp-json\/wp\/v2\/pages\/160\/revisions"}],"predecessor-version":[{"id":1180,"href":"https:\/\/blog.beepropolisbrasil.ind.br\/index.php\/wp-json\/wp\/v2\/pages\/160\/revisions\/1180"}],"wp:attachment":[{"href":"https:\/\/blog.beepropolisbrasil.ind.br\/index.php\/wp-json\/wp\/v2\/media?parent=160"}],"curies":[{"name":"wp","href":"https:\/\/api.w.org\/{rel}","templated":true}]}}